{"id":10383,"date":"2024-09-03T13:11:14","date_gmt":"2024-09-03T12:11:14","guid":{"rendered":"https:\/\/spuehler-tv.ch\/onlineshop\/?post_type=product&#038;p=10383"},"modified":"2026-01-06T17:45:22","modified_gmt":"2026-01-06T16:45:22","slug":"iphone-15-apple-ios-smartphone","status":"publish","type":"product","link":"https:\/\/spuehler-tv.ch\/onlineshop\/produkt\/iphone-15-apple-ios-smartphone\/","title":{"rendered":"iPhone 15 (Apple) &#8211; iOS Smartphone"},"content":{"rendered":"<p>Smartphone, 5G, Quadband, LTE, UMTS, Dual-Sim, Kamera, 48 Megapixel, 10-fach Digitalzoom, optischer Bildstabilisator, Geotagging, Fotoblitz, zweite Hauptkamera, 12 Megapixel Aufl\u00f6sung, optischer Bildstabilisator, Ultra-Weitwinkel, Frontkamera, 12 Megapixel Aufl\u00f6sung, elektronischer Bildstabilisator, Videotelefonie, Videoaufnahme-Funktion, 4K Ultra-HD Video, Zeitraffer-Video, Zeitlupen-Video, HDR Aufnahme, Dolby Vision Aufnahme, Farbdisplay, 15,5 cm, 6,1 Zoll, Aufl\u00f6sung: 2.556&#215;1.179 Pixel, High Dynamic Range (HDR), OLED-Technologie, Gesichtserkennung (Zugriff), Notruf-Funktion, ca. 128 GB \/ 256 GB interner Speicher (Je nach gew\u00e4hlter Version), IOS-Betriebssystem, Version 17, Hexa-core Prozessor, Ladem\u00f6glichkeit per Induktion, Produkt enth\u00e4lt recyceltes Material<\/p>\n","protected":false},"excerpt":{"rendered":"<p>Mittelklasse iOS Smartphone<\/p>\n","protected":false},"featured_media":10405,"comment_status":"open","ping_status":"closed","template":"","meta":[],"product_brand":[252],"product_cat":[75,226,143],"product_tag":[],"class_list":{"0":"post-10383","1":"product","2":"type-product","3":"status-publish","4":"has-post-thumbnail","6":"product_brand-apple","7":"product_cat-handy","8":"product_cat-sale","9":"product_cat-austellungsgeraete-spezialangebote","11":"first","12":"onbackorder","13":"sale","14":"taxable","15":"shipping-taxable","16":"purchasable","17":"product-type-variable","18":"has-default-attributes","19":"rtwpvg-product"},"_links":{"self":[{"href":"https:\/\/spuehler-tv.ch\/onlineshop\/wp-json\/wp\/v2\/product\/10383","targetHints":{"allow":["GET"]}}],"collection":[{"href":"https:\/\/spuehler-tv.ch\/onlineshop\/wp-json\/wp\/v2\/product"}],"about":[{"href":"https:\/\/spuehler-tv.ch\/onlineshop\/wp-json\/wp\/v2\/types\/product"}],"replies":[{"embeddable":true,"href":"https:\/\/spuehler-tv.ch\/onlineshop\/wp-json\/wp\/v2\/comments?post=10383"}],"wp:featuredmedia":[{"embeddable":true,"href":"https:\/\/spuehler-tv.ch\/onlineshop\/wp-json\/wp\/v2\/media\/10405"}],"wp:attachment":[{"href":"https:\/\/spuehler-tv.ch\/onlineshop\/wp-json\/wp\/v2\/media?parent=10383"}],"wp:term":[{"taxonomy":"product_brand","embeddable":true,"href":"https:\/\/spuehler-tv.ch\/onlineshop\/wp-json\/wp\/v2\/product_brand?post=10383"},{"taxonomy":"product_cat","embeddable":true,"href":"https:\/\/spuehler-tv.ch\/onlineshop\/wp-json\/wp\/v2\/product_cat?post=10383"},{"taxonomy":"product_tag","embeddable":true,"href":"https:\/\/spuehler-tv.ch\/onlineshop\/wp-json\/wp\/v2\/product_tag?post=10383"}],"curies":[{"name":"wp","href":"https:\/\/api.w.org\/{rel}","templated":true}]}}