{"id":10227,"date":"2024-07-23T16:12:03","date_gmt":"2024-07-23T15:12:03","guid":{"rendered":"https:\/\/spuehler-tv.ch\/onlineshop\/?post_type=product&#038;p=10227"},"modified":"2026-01-06T17:24:30","modified_gmt":"2026-01-06T16:24:30","slug":"fritzfon-x6-avm-funk-ip-dect-telefon","status":"publish","type":"product","link":"https:\/\/spuehler-tv.ch\/onlineshop\/produkt\/fritzfon-x6-avm-funk-ip-dect-telefon\/","title":{"rendered":"Fritz!Fon X6 (AVM) &#8211; Funk IP\/DECT Telefon"},"content":{"rendered":"<div class=\"bpantBJu bpax2Cuk col-lg-6\">\n<div class=\"bpaQfefz\">\n<p class=\"bpalzzX0\">Mit dem DECT-Telefon FRITZ!Fon X6 (in den Versionen weiss und schwarz erh\u00e4ltlich) pr\u00e4sentiert AVM ein neues Allround-Talent f\u00fcr Telefonie und f\u00fcr das Smart Home. Die Unterst\u00fctzung von Full-Duplex HD, auch bei der integrierten Freisprechfunktion, und der leistungsstarke Akku erm\u00f6glichen lange Telefonate in hoher Sprachqualit\u00e4t. Zudem lassen sich Smart-Home-Ger\u00e4te wie Lampen oder Steckdosen schalten. Eine neue, frei belegbare Favoritentaste, eine beleuchtete Tastatur sowie die intuitive Men\u00fcf\u00fchrung unterst\u00fctzen den Anwender bei der Telefonie, Navigation und der Nutzung der Dienste. Ausgestattet mit Anrufbeantworter, Telefonb\u00fcchern, Rufsperren und Komfortmerkmalen \u00fcberzeugt das neue FRITZ!Fon X6 zudem mit einem brillanten Farbdisplay (2.4&#8221;) und einer verl\u00e4ngerten Akku-Laufzeit.<\/p>\n<div class=\"bpaCBAXg bpamsNrf\">\n<h4 class=\"bpaJhi40 bpaDAvel bpaVItGy\">Smart-Home-Steuerung, Internetdienste und Mediaplayer<\/h4>\n<p>Das FRITZ!Fon X6 ist optimal auf das digitale Zuhause sowie zum Einsatz im Home Office abgestimmt. Mit dem FRITZ!Fon X6 lassen sich Anwendungen im smarten FRITZ!-Heimnetz steuern, etwa die Heizk\u00f6rperregler FRITZ!DECT 302 und 301 und die smarte LED-Lampe FRITZ!DECT 500. G\u00e4ste k\u00f6nnen \u00fcber Anzeige eines QR-Codes schnell ins heimische WLAN geholt werden, auch ist das WLAN per Tastendruck an- und ausschaltbar. Internetdienste, wie der Empfang von E-Mails, Internetradio, News-Feeds und Podcasts sind mit dem FRITZ!Fon X6 m\u00f6glich. Ausserdem kann das FRITZ!Fon X6 Live-Bilder einer Videogegensprechanlage empfangen. Der integrierte Mediaplayer erm\u00f6glicht es, die auf der FRITZ!Box oder anderen Mediaservern gespeicherte Musik oder Fotos komfortabel wiederzugeben auf Wunsch sogar am Smart-TV oder einem WLAN-Lautsprecher.<\/p>\n<\/div>\n<div class=\"bpaCBAXg bpamsNrf\">\n<h4 class=\"bpaJhi40 bpaDAvel bpaVItGy\">HD-Telefonie, Komfortfunktionen und brillantes Farbdisplay<\/h4>\n<p>FRITZ!Fon X6 unterst\u00fctzt s\u00e4mtliche aus der Produktreihe bekannten Komfortmerkmale, unter anderem die Ansage von Anrufern und Kalendereintr\u00e4gen, Babyfon, Startdisplay mit Wettervorhersage sowie Weckfunktion. Im Zusammenspiel mit einer FRITZ!Box stehen bis zu 5 digitale Anrufbeantworter, eine \u00fcbersichtliche Anrufliste sowie Telefonb\u00fccher mit bis zu 300 Eintr\u00e4gen bereit. Eingegangene Anrufe, Nachrichten auf dem Anrufbeantworter, E-Mails und Software-Updates werden am FRITZ!Fon per Display und MWI-Taste signalisiert und sind auf Knopfdruck verf\u00fcgbar. F\u00fcr l\u00e4ngere Akkulaufzeiten sorgen der vergr\u00f6sserte Akku, ein smartes Energiemanagement sowie ein sensibler Helligkeitssensor, der die Beleuchtung von Display und Tastatur an das Umgebungslicht anpasst. Der integrierte Bewegungssensor weckt das Telefon aus dem Standby, wenn der Nutzer es in die Hand nimmt.<\/p>\n<\/div>\n<div class=\"bpaCBAXg bpamsNrf\">\n<h4 class=\"bpaJhi40 bpaDAvel bpaVItGy\">FRITZ!Box als idealer Partner<\/h4>\n<p>Alle FRITZ!Box-Modelle mit integrierter DECT-Basisstation egal ob f\u00fcr DSL, Glasfaser, Kabel oder LTE sind ideal f\u00fcr das FRITZ!Fon X6 geeignet. Die FRITZ!Box stellt s\u00e4mtliche Datendienste und Komfortfunktionen f\u00fcr das FRITZ!Fon zur Verf\u00fcgung. Einstellungen k\u00f6nnen bequem \u00fcber die FRITZ!BoxBenutzeroberfl\u00e4che vorgenommen werden. Alle Sprach-, Audiound Steuerdaten werden \u00fcber den DECT-Funk sicher verschl\u00fcsselt \u00fcbertragen. Bei aktiviertem DECT Eco Mode schalten die FRITZ!Box und die Handger\u00e4te den DECT-Funk im Standy-by-Betrieb vollst\u00e4ndig ab.<\/p>\n<\/div>\n<div class=\"bpaCBAXg bpamsNrf\">\n<h4 class=\"bpaJhi40 bpaDAvel bpaVItGy\">Schnurlos-Kommunikation mit hersteller\u00fcbergreifender Kompatibilit\u00e4t<\/h4>\n<p>Das Ger\u00e4t funktioniert mit DECT-Technologie (Digital Enhanced Cordless Telecommunications): Nutzen Sie die Funkverbindung und entfernen Sie sich mit Ihrem Mobilteil beim Telefonieren in Innenr\u00e4umen bis zu 50 Meter von der Basisstation. Da die Technologie unterhalb von 2.45 GHz andere Frequenzbereiche als WLAN oder Bluetooth benutzt, st\u00f6rt sie diese Netzwerke nicht. Der Wechsel der Basisstation innerhalb eines mehrzelligen Funknetzes ist durch Weiterleiten an eine andere Zelle m\u00f6glich. DECT-GAP (Generic Access Profile) erlaubt dar\u00fcber hinaus die Kommunikation von DECT-Ger\u00e4ten unterschiedlicher Hersteller untereinander.<\/p>\n<\/div>\n<\/div>\n<\/div>\n<div class=\"bpaJrEEg bpax2Cuk col-lg-6\">\n<div class=\"bpaQfefz\">\n<div>\n<div class=\"bpaBfOWD\"><\/div>\n<\/div>\n<\/div>\n<\/div>\n","protected":false},"excerpt":{"rendered":"<ul>\n<li class=\"bpacbGuz\">Komfort-DECT-Telefon mit intuitiver Men\u00fcf\u00fchrung f\u00fcr alle FRITZ!Box-Modelle mit DECT-Basisstation<\/li>\n<li class=\"bpacbGuz\">Schnurloses Telefon (Standard DECT-GAP) f\u00fcr Internet- und Festnetztelefonie<\/li>\n<li class=\"bpacbGuz\">Bis zu 300 Meter Reichweite im Freien und bis zu 40 Meter in Geb\u00e4uden<\/li>\n<li class=\"bpacbGuz\">Bis zu 16 Stunden Gespr\u00e4chsdauer, bis zu 10 Tage Stand-by<\/li>\n<li class=\"bpacbGuz\">Mehrere Telefonb\u00fccher mit bis zu 300 Eintr\u00e4gen, Online-Telefonbuch, Komfortsuche, Kontaktfoto<\/li>\n<li class=\"bpacbGuz\">Anklopfen, Rufumleitung, Halten, Makeln, Vermitteln und Dreierkonferenz<\/li>\n<li><\/li>\n<\/ul>\n","protected":false},"featured_media":10230,"comment_status":"closed","ping_status":"closed","template":"","meta":[],"product_brand":[242],"product_cat":[142],"product_tag":[],"class_list":{"0":"post-10227","1":"product","2":"type-product","3":"status-publish","4":"has-post-thumbnail","6":"product_brand-fritz","7":"product_cat-festnetz-telefonie","8":"product_shipping_class-lieferung-basic-audio","10":"first","11":"instock","12":"taxable","13":"shipping-taxable","14":"purchasable","15":"product-type-variable","16":"has-default-attributes","17":"rtwpvg-product"},"_links":{"self":[{"href":"https:\/\/spuehler-tv.ch\/onlineshop\/wp-json\/wp\/v2\/product\/10227","targetHints":{"allow":["GET"]}}],"collection":[{"href":"https:\/\/spuehler-tv.ch\/onlineshop\/wp-json\/wp\/v2\/product"}],"about":[{"href":"https:\/\/spuehler-tv.ch\/onlineshop\/wp-json\/wp\/v2\/types\/product"}],"replies":[{"embeddable":true,"href":"https:\/\/spuehler-tv.ch\/onlineshop\/wp-json\/wp\/v2\/comments?post=10227"}],"wp:featuredmedia":[{"embeddable":true,"href":"https:\/\/spuehler-tv.ch\/onlineshop\/wp-json\/wp\/v2\/media\/10230"}],"wp:attachment":[{"href":"https:\/\/spuehler-tv.ch\/onlineshop\/wp-json\/wp\/v2\/media?parent=10227"}],"wp:term":[{"taxonomy":"product_brand","embeddable":true,"href":"https:\/\/spuehler-tv.ch\/onlineshop\/wp-json\/wp\/v2\/product_brand?post=10227"},{"taxonomy":"product_cat","embeddable":true,"href":"https:\/\/spuehler-tv.ch\/onlineshop\/wp-json\/wp\/v2\/product_cat?post=10227"},{"taxonomy":"product_tag","embeddable":true,"href":"https:\/\/spuehler-tv.ch\/onlineshop\/wp-json\/wp\/v2\/product_tag?post=10227"}],"curies":[{"name":"wp","href":"https:\/\/api.w.org\/{rel}","templated":true}]}}