{"id":10225,"date":"2024-07-22T09:21:57","date_gmt":"2024-07-22T08:21:57","guid":{"rendered":"https:\/\/spuehler-tv.ch\/onlineshop\/?post_type=product&#038;p=10225"},"modified":"2026-01-13T11:39:33","modified_gmt":"2026-01-13T10:39:33","slug":"dual-qc4-65-w-gan-weiss-onit-usb-charger-usb-a-usb-c-65w-quickcharge","status":"publish","type":"product","link":"https:\/\/spuehler-tv.ch\/onlineshop\/produkt\/dual-qc4-65-w-gan-weiss-onit-usb-charger-usb-a-usb-c-65w-quickcharge\/","title":{"rendered":"Dual QC4+ 65 W GaN Weiss (Onit) &#8211; USB Charger (USB-A + USB-C) 65W Quickcharge"},"content":{"rendered":"<h2 class=\"ProductDescription-Title\">onit USB-Wandladeger\u00e4t Dual QC4+ 65 W GaN Weiss<\/h2>\n<h3 class=\"ProductDescription-Subtitle\">Ladeadapter mit einem USB-C- und einem USB-A-Port<\/h3>\n<div class=\"ProductDescription-BulletPoints\">\n<ul class=\"cds-List cds-List--Bulleted\">\n<li>Gleichzeitiges Laden von zwei Ger\u00e4ten mit bis zu max. 65 W<\/li>\n<li>Schnelles Aufladen kompatibler Smartphones, Tablets und Laptops<\/li>\n<li>Automatisches Erkennen der Schnellladeprotokolle<\/li>\n<li>Selbstgesteuertes Ermitteln der ben\u00f6tigten Stromst\u00e4rke<\/li>\n<li>Eingangsspannung von 100 bis 240 Volt f\u00fcr weltweiten Einsatz<\/li>\n<li>Kompaktes und robustes Design, ideal f\u00fcr unterwegs<\/li>\n<\/ul>\n<\/div>\n<div class=\"ProductDescription-Paragraph\">\n<h4 class=\"ProductDescription-ParagraphTitle\">GaN-Technologie<\/h4>\n<p>Galliumnitrid, kurz GaN, ist ein Material, das unter anderem f\u00fcr Halbleiter in Ladeger\u00e4ten verwendet wird. Diese neue Technologie reduziert die W\u00e4rmeentwicklung und erh\u00f6ht die Lebensdauer, die Ladegeschwindigkeit und die Ausgangsleistung.<\/p>\n<\/div>\n","protected":false},"excerpt":{"rendered":"<p>onit USB-Wandladeger\u00e4t Dual QC4+ 65 W GaN Weiss Ladeadapter mit einem USB-C- und einem USB-A-Port Gleichzeitiges Laden von zwei Ger\u00e4ten mit bis zu max. 65 W Schnelles Aufladen kompatibler Smartphones, Tablets und Laptops Automatisches Erkennen der Schnellladeprotokolle Selbstgesteuertes Ermitteln der ben\u00f6tigten Stromst\u00e4rke Eingangsspannung von 100 bis 240 Volt f\u00fcr weltweiten Einsatz Kompaktes und robustes Design, [&hellip;]<\/p>\n","protected":false},"featured_media":10226,"comment_status":"open","ping_status":"closed","template":"","meta":[],"product_brand":[254],"product_cat":[72],"product_tag":[],"class_list":{"0":"post-10225","1":"product","2":"type-product","3":"status-publish","4":"has-post-thumbnail","6":"product_brand-onit","7":"product_cat-handy-zubehoer","9":"first","10":"instock","11":"taxable","12":"shipping-taxable","13":"purchasable","14":"product-type-simple"},"_links":{"self":[{"href":"https:\/\/spuehler-tv.ch\/onlineshop\/wp-json\/wp\/v2\/product\/10225","targetHints":{"allow":["GET"]}}],"collection":[{"href":"https:\/\/spuehler-tv.ch\/onlineshop\/wp-json\/wp\/v2\/product"}],"about":[{"href":"https:\/\/spuehler-tv.ch\/onlineshop\/wp-json\/wp\/v2\/types\/product"}],"replies":[{"embeddable":true,"href":"https:\/\/spuehler-tv.ch\/onlineshop\/wp-json\/wp\/v2\/comments?post=10225"}],"wp:featuredmedia":[{"embeddable":true,"href":"https:\/\/spuehler-tv.ch\/onlineshop\/wp-json\/wp\/v2\/media\/10226"}],"wp:attachment":[{"href":"https:\/\/spuehler-tv.ch\/onlineshop\/wp-json\/wp\/v2\/media?parent=10225"}],"wp:term":[{"taxonomy":"product_brand","embeddable":true,"href":"https:\/\/spuehler-tv.ch\/onlineshop\/wp-json\/wp\/v2\/product_brand?post=10225"},{"taxonomy":"product_cat","embeddable":true,"href":"https:\/\/spuehler-tv.ch\/onlineshop\/wp-json\/wp\/v2\/product_cat?post=10225"},{"taxonomy":"product_tag","embeddable":true,"href":"https:\/\/spuehler-tv.ch\/onlineshop\/wp-json\/wp\/v2\/product_tag?post=10225"}],"curies":[{"name":"wp","href":"https:\/\/api.w.org\/{rel}","templated":true}]}}