{"id":10216,"date":"2024-07-16T13:06:34","date_gmt":"2024-07-16T12:06:34","guid":{"rendered":"https:\/\/spuehler-tv.ch\/onlineshop\/?post_type=product&#038;p=10216"},"modified":"2026-01-06T17:44:02","modified_gmt":"2026-01-06T16:44:02","slug":"c570hx-gigaset-dect-telefon-fuer-internetbox-fritzbox","status":"publish","type":"product","link":"https:\/\/spuehler-tv.ch\/onlineshop\/produkt\/c570hx-gigaset-dect-telefon-fuer-internetbox-fritzbox\/","title":{"rendered":"C570HX (Gigaset) &#8211; DECT Telefon f\u00fcr Internetbox \/ Fritzbox"},"content":{"rendered":"<p class=\"h4\">RODUKT-HIGHLIGHTS<\/p>\n<div class=\"marketing-texts-tab mb-15\">\n<ul>\n<li>Universal-Mobilteil zur Erweiterung von DECT\/GAP-Routern (z.B. AVM FRITZ!Box), Routern mit DECT CAT-iq 2.0\/2.1 (z.B. Telekom Speedport, TP-LINK Archer, o2 HomeBox 2)<\/li>\n<li>Gro\u00dfes TFT Farbdisplay 5,8 cm (2,2&#8243;) mit moderner Benutzeroberfl\u00e4che<\/li>\n<li>Adressbuch f\u00fcr bis zu 200 Kontakte mit je 3 Telefonnummern,<\/li>\n<li>Sichere Bedienung durch gro\u00dfe beleuchtete Einzel-Tasten am Mobilteil<\/li>\n<li>Extra gro\u00dfe Nummernanzeige im Display,<\/li>\n<li>Einfache Personalisierungsoptionen,<\/li>\n<\/ul>\n<\/div>\n<p class=\"h3\">ABMESSUNGEN MOBILTEIL (H X B X T): 16,8 X 4,8 X 2,2 CM<br \/>\nABMESSUNGEN LADESCHALE (H X T): 3,0 X 9,2 CM<br \/>\nGEWICHT MOBILTEIL: CA. 118 G (INKL. AKKUS)<br \/>\nGEWICHT LADESCHALE: CA. 38 G<\/p>\n","protected":false},"excerpt":{"rendered":"<p>RODUKT-HIGHLIGHTS Universal-Mobilteil zur Erweiterung von DECT\/GAP-Routern (z.B. AVM FRITZ!Box), Routern mit DECT CAT-iq 2.0\/2.1 (z.B. Telekom Speedport, TP-LINK Archer, o2 HomeBox 2) Gro\u00dfes TFT Farbdisplay 5,8 cm (2,2&#8243;) mit moderner Benutzeroberfl\u00e4che Adressbuch f\u00fcr bis zu 200 Kontakte mit je 3 Telefonnummern, Sichere Bedienung durch gro\u00dfe beleuchtete Einzel-Tasten am Mobilteil Extra gro\u00dfe Nummernanzeige im Display, Einfache [&hellip;]<\/p>\n","protected":false},"featured_media":10217,"comment_status":"open","ping_status":"closed","template":"","meta":[],"product_brand":[242,251],"product_cat":[142],"product_tag":[],"class_list":{"0":"post-10216","1":"product","2":"type-product","3":"status-publish","4":"has-post-thumbnail","6":"product_brand-fritz","7":"product_brand-gigaset","8":"product_cat-festnetz-telefonie","10":"first","11":"instock","12":"taxable","13":"shipping-taxable","14":"purchasable","15":"product-type-simple"},"_links":{"self":[{"href":"https:\/\/spuehler-tv.ch\/onlineshop\/wp-json\/wp\/v2\/product\/10216","targetHints":{"allow":["GET"]}}],"collection":[{"href":"https:\/\/spuehler-tv.ch\/onlineshop\/wp-json\/wp\/v2\/product"}],"about":[{"href":"https:\/\/spuehler-tv.ch\/onlineshop\/wp-json\/wp\/v2\/types\/product"}],"replies":[{"embeddable":true,"href":"https:\/\/spuehler-tv.ch\/onlineshop\/wp-json\/wp\/v2\/comments?post=10216"}],"wp:featuredmedia":[{"embeddable":true,"href":"https:\/\/spuehler-tv.ch\/onlineshop\/wp-json\/wp\/v2\/media\/10217"}],"wp:attachment":[{"href":"https:\/\/spuehler-tv.ch\/onlineshop\/wp-json\/wp\/v2\/media?parent=10216"}],"wp:term":[{"taxonomy":"product_brand","embeddable":true,"href":"https:\/\/spuehler-tv.ch\/onlineshop\/wp-json\/wp\/v2\/product_brand?post=10216"},{"taxonomy":"product_cat","embeddable":true,"href":"https:\/\/spuehler-tv.ch\/onlineshop\/wp-json\/wp\/v2\/product_cat?post=10216"},{"taxonomy":"product_tag","embeddable":true,"href":"https:\/\/spuehler-tv.ch\/onlineshop\/wp-json\/wp\/v2\/product_tag?post=10216"}],"curies":[{"name":"wp","href":"https:\/\/api.w.org\/{rel}","templated":true}]}}