{"id":10182,"date":"2024-06-17T14:50:12","date_gmt":"2024-06-17T13:50:12","guid":{"rendered":"https:\/\/spuehler-tv.ch\/onlineshop\/?post_type=product&#038;p=10182"},"modified":"2026-01-06T16:58:16","modified_gmt":"2026-01-06T15:58:16","slug":"dabman-i510bt-imperial-dab-internetradio-bluetooth-tuner-silber-o-schwarz","status":"publish","type":"product","link":"https:\/\/spuehler-tv.ch\/onlineshop\/produkt\/dabman-i510bt-imperial-dab-internetradio-bluetooth-tuner-silber-o-schwarz\/","title":{"rendered":"DABMAN i510BT (Imperial) &#8211; DAB+ \/ Internetradio \/ Bluetooth Tuner Silber o. Schwarz"},"content":{"rendered":"<p>Mit dem Imperial DABMAN i510 BT machen Sie jedes HiFi-System fit f\u00fcr das 21. Jahrhundert. Der Multifunktionsbaustein empf\u00e4ngt DAB+ und UKW Radio sowie Webradio und kann problemlos als Netzwerkplayer verwendet werden. Die integrierte Bluetooth-Schnittstelle ist mit einer Sende- &amp; Empfangsfunktion ausgestattet. Ein umfangreiches Portal erlaubt (bei entsprechender Berechtigung) den direkten Zugriff auf diverse Musikstreamingdienste (Amazon Music, Deezer, Tidal, HighRes Audio, (FLAC \u2013 High Resolution Audio wird unterst\u00fctzt)). Zus\u00e4tzlich verf\u00fcgt der DABMAN i510 BT \u00fcber eine umfangreiche USB Multimediafunktion, die neben dem Abspielen von diversen Musikdateiformaten auch das Aufzeichnen von Radiostreams auf externe Speichermedien erlaubt. Die Bedienung des DABMAN i510 BT erfolgt intuitiv \u00fcber die im Lieferumfang enthaltene Fernbedienung oder per (kostenlos downloadbarer) App via Smartphone oder Tablet PC.<\/p>\n","protected":false},"excerpt":{"rendered":"<ul class=\"cds-List cds-List--Bulleted\">\n<li>DAB+ \/ UKW und Internetradio sowie UPnP &amp; Bluetooth 5.1 mit Sende- &amp; Empfangsfunktion<\/li>\n<li>FLAC High Resolution Audio ready<\/li>\n<li>Einfache und intuitive Bedienung mit mehrsprachiger Men\u00fcf\u00fchrung<\/li>\n<li>Beleuchtetes 8.13 cm TFT-Farbdisplay mit Uhrzeit- und Titelanzeige<\/li>\n<li>Umfangreiche USB Mediafunktion: Wiedergabe diverser Dateitypen von USB (MP3, WMA etc.) sowie USB-Aufzeichnungsfunktion<\/li>\n<li>Schneller Zugriff auf eine Vielzahl an Musik-Streamingdiensten<\/li>\n<\/ul>\n","protected":false},"featured_media":10185,"comment_status":"open","ping_status":"closed","template":"","meta":[],"product_brand":[232],"product_cat":[60,53],"product_tag":[],"class_list":{"0":"post-10182","1":"product","2":"type-product","3":"status-publish","4":"has-post-thumbnail","6":"product_brand-imperial","7":"product_cat-adapter","8":"product_cat-hifi-komponenten","9":"product_shipping_class-lieferung-basic-audio","11":"first","12":"onbackorder","13":"taxable","14":"shipping-taxable","15":"purchasable","16":"product-type-simple"},"_links":{"self":[{"href":"https:\/\/spuehler-tv.ch\/onlineshop\/wp-json\/wp\/v2\/product\/10182","targetHints":{"allow":["GET"]}}],"collection":[{"href":"https:\/\/spuehler-tv.ch\/onlineshop\/wp-json\/wp\/v2\/product"}],"about":[{"href":"https:\/\/spuehler-tv.ch\/onlineshop\/wp-json\/wp\/v2\/types\/product"}],"replies":[{"embeddable":true,"href":"https:\/\/spuehler-tv.ch\/onlineshop\/wp-json\/wp\/v2\/comments?post=10182"}],"wp:featuredmedia":[{"embeddable":true,"href":"https:\/\/spuehler-tv.ch\/onlineshop\/wp-json\/wp\/v2\/media\/10185"}],"wp:attachment":[{"href":"https:\/\/spuehler-tv.ch\/onlineshop\/wp-json\/wp\/v2\/media?parent=10182"}],"wp:term":[{"taxonomy":"product_brand","embeddable":true,"href":"https:\/\/spuehler-tv.ch\/onlineshop\/wp-json\/wp\/v2\/product_brand?post=10182"},{"taxonomy":"product_cat","embeddable":true,"href":"https:\/\/spuehler-tv.ch\/onlineshop\/wp-json\/wp\/v2\/product_cat?post=10182"},{"taxonomy":"product_tag","embeddable":true,"href":"https:\/\/spuehler-tv.ch\/onlineshop\/wp-json\/wp\/v2\/product_tag?post=10182"}],"curies":[{"name":"wp","href":"https:\/\/api.w.org\/{rel}","templated":true}]}}