{"id":10174,"date":"2024-06-15T11:29:22","date_gmt":"2024-06-15T10:29:22","guid":{"rendered":"https:\/\/spuehler-tv.ch\/onlineshop\/?post_type=product&#038;p=10174"},"modified":"2026-01-06T15:10:27","modified_gmt":"2026-01-06T14:10:27","slug":"55qned87t6b-lg-139cm-uhd-quantom-dot-nanocell-tv-webos","status":"publish","type":"product","link":"https:\/\/spuehler-tv.ch\/onlineshop\/produkt\/55qned87t6b-lg-139cm-uhd-quantom-dot-nanocell-tv-webos\/","title":{"rendered":"55QNED87T6B (LG) &#8211; 139cm UHD Quantom Dot NanoCell TV &#8211; WebOS"},"content":{"rendered":"<p class=\"ProductDescription-Lead\">Der LG TV QNED87 nutzt Local Dimming und die Quantum Dot NanoCell Plus-Technologie f\u00fcr kristallklare Farben und brillante Bilder, w\u00e4hrend der \u03b18 4K AI-Prozessor mit seinen zahlreichen AI-Funktionen Bild und Ton optimiert. Der Filmmaker Mode zeigt Filme so an, wie es die Filmemacher beabsichtigt haben. Und Gamer k\u00f6nnen sich auf fl\u00fcssiges Gameplay mit bis zu 4K @ 120 Hz und AMD FreeSync freuen. Die optimierte webOS24-Oberfl\u00e4che mit 4 Jahren Upgrade-Garantie und die praktische Magic Remote machen die Bedienung besonders einfach.<\/p>\n<div class=\"ProductDescription-Paragraph\">\n<h4 class=\"ProductDescription-ParagraphTitle\">\u00abFilmmaker Mode\u00bb Filme wie im Kino erleben<\/h4>\n<p>Der Prozessor passt das Bild automatisch an, indem er die Bewegungsgl\u00e4ttung ausschaltet. Dadurch entsteht ein authentischer Kinoeffekt. Schauen Sie Filme so, wie sie von den Filmemachern gedacht waren und erleben Sie echten Kinohochgenuss. Lassen Sie sich von den Branchen-Experten \u00fcberzeugen.<\/p>\n<\/div>\n","protected":false},"excerpt":{"rendered":"<ul class=\"cds-List cds-List--Bulleted\">\n<li>55 &#8221; (139 cm) LED-LCD-Fernseher mit einer Aufl\u00f6sung von 3840 x 2160 (Ultra HD 4K)<\/li>\n<li>Mit \u03b18 4K AI-Prozessor und zahlreichen AI-Funktionen f\u00fcr bestm\u00f6gliche Bildqualit\u00e4t und optimalen Sound<\/li>\n<li>Filmmaker Mode f\u00fcr kinogleiches Entertainment<\/li>\n<li>WebOS24 mit LG ThinQ, Amazon Alexa, Apple Home &amp; Airplay2<\/li>\n<li>Unterst\u00fctzt HGiG f\u00fcr \u00fcberzeugende HDR-Darstellung<\/li>\n<li>Fl\u00fcssiges Gaming mit bis zu 4K @ 120 Hz und AMD FreeSync<\/li>\n<\/ul>\n","protected":false},"featured_media":10171,"comment_status":"closed","ping_status":"closed","template":"","meta":[],"product_brand":[215],"product_cat":[19,26],"product_tag":[],"class_list":{"0":"post-10174","1":"product","2":"type-product","3":"status-publish","4":"has-post-thumbnail","6":"product_brand-lg","7":"product_cat-tv-geraete","8":"product_cat-led-tv-50-55-127cm-139cm","9":"product_shipping_class-kein-versand-moeglich-kontaktieren-sie-uns-unter-044-886-86-86-oder-per-mail-lieferung-basic-moeglich","11":"first","12":"onbackorder","13":"taxable","14":"shipping-taxable","15":"purchasable","16":"product-type-simple"},"_links":{"self":[{"href":"https:\/\/spuehler-tv.ch\/onlineshop\/wp-json\/wp\/v2\/product\/10174","targetHints":{"allow":["GET"]}}],"collection":[{"href":"https:\/\/spuehler-tv.ch\/onlineshop\/wp-json\/wp\/v2\/product"}],"about":[{"href":"https:\/\/spuehler-tv.ch\/onlineshop\/wp-json\/wp\/v2\/types\/product"}],"replies":[{"embeddable":true,"href":"https:\/\/spuehler-tv.ch\/onlineshop\/wp-json\/wp\/v2\/comments?post=10174"}],"wp:featuredmedia":[{"embeddable":true,"href":"https:\/\/spuehler-tv.ch\/onlineshop\/wp-json\/wp\/v2\/media\/10171"}],"wp:attachment":[{"href":"https:\/\/spuehler-tv.ch\/onlineshop\/wp-json\/wp\/v2\/media?parent=10174"}],"wp:term":[{"taxonomy":"product_brand","embeddable":true,"href":"https:\/\/spuehler-tv.ch\/onlineshop\/wp-json\/wp\/v2\/product_brand?post=10174"},{"taxonomy":"product_cat","embeddable":true,"href":"https:\/\/spuehler-tv.ch\/onlineshop\/wp-json\/wp\/v2\/product_cat?post=10174"},{"taxonomy":"product_tag","embeddable":true,"href":"https:\/\/spuehler-tv.ch\/onlineshop\/wp-json\/wp\/v2\/product_tag?post=10174"}],"curies":[{"name":"wp","href":"https:\/\/api.w.org\/{rel}","templated":true}]}}