{"id":10166,"date":"2024-06-15T10:22:08","date_gmt":"2024-06-15T09:22:08","guid":{"rendered":"https:\/\/spuehler-tv.ch\/onlineshop\/?post_type=product&#038;p=10166"},"modified":"2026-01-06T15:04:34","modified_gmt":"2026-01-06T14:04:34","slug":"tl-sg105-m2-tp-link-5-port-2-5g-switch","status":"publish","type":"product","link":"https:\/\/spuehler-tv.ch\/onlineshop\/produkt\/tl-sg105-m2-tp-link-5-port-2-5g-switch\/","title":{"rendered":"TL-SG105-M2 (TP-Link) &#8211; 5 Port 2.5G Switch"},"content":{"rendered":"<p class=\"ProductDescription-Lead\">Als Flaggschiff der 2.5G-Produkte bieten die 5\/8-Port-Desktop-Switches mit 5\/8 \u00d7 2.5-Gigabit-Ports die h\u00f6chste Leistung Ihrer Multi-Gig-Bandbreite und -Ger\u00e4te und bieten eine Switching-Kapazit\u00e4t von bis zu 25\/40 Gbps. 3-Gang-Verbindungen (100 MB \/ 1G \/ 2.5G) mit automatischer Aushandlung erfassen die Verbindungsgeschwindigkeiten und passen sich intelligent an die Kompatibilit\u00e4t und optimale Leistung aller Ihrer Ger\u00e4te an, einschliesslich 2.5G NAS, 2.5G PCIe-Adapter, Spielekonsole, VR-Gaming, 2.5G WLAN 6 AP, 4K-Video, Desktop und mehr.<\/p>\n<div class=\"ProductDescription-Paragraph\">\n<h4 class=\"ProductDescription-ParagraphTitle\">Ideal f\u00fcr kleine und Home Office<\/h4>\n<p>Arbeiten Sie im B\u00fcro oder zu Hause mit blitzschnellen Verbindungen zu Arbeitsstationen, Desktop-Computern und WLAN 6-Zugangspunkten. Schalte das echte WLAN 6: Die beste Option, um das volle Bandbreitenpotential von WLAN 6-Zugangspunkten mit 2.5-G-Kabelverbindungen auszusch\u00f6pfen. Sofortige \u00dcbertragung f\u00fcr Workstations: Sichern Sie Computerdateien sofort und speichern Sie sie mit erh\u00f6hter \u00dcbertragungsgeschwindigkeit im NAS-Speicher. Verschwenden Sie keine Zeit.<\/p>\n<\/div>\n<div class=\"ProductDescription-Paragraph\">\n<h4 class=\"ProductDescription-ParagraphTitle\">Leistungsstarke Leistung f\u00fcr reibungslose LAN-Partys<\/h4>\n<p>Nie wieder eine verz\u00f6gerte LAN-Party veranstalten. Erleben Sie die beispiellose Geschwindigkeit und geringere Latenz und priorisieren Sie den Spielverkehr mit QoS. Beginnen wir mit dem beispiellosen reibungslosen Spiel!<\/p>\n<\/div>\n<div class=\"ProductDescription-Paragraph\">\n<h4 class=\"ProductDescription-ParagraphTitle\">2.5G Superschnelle Geschwindigkeiten ohne Kabelwechsel<\/h4>\n<p>Makellos in vorhandene Gigabit-Ethernet-Netzwerkinfrastrukturen integriert, 2.5-mal schnellere Geschwindigkeiten * mit normalen Cat5e-Ethernet-Kabeln, ohne dass ein Upgrade auf Cat6-Verkabelung erforderlich ist, wodurch die Verkabelungskosten und der Aufwand reduziert werden. * 2.5 \u00d7 schnellere Geschwindigkeiten beziehen sich auf die Geschwindigkeiten im Vergleich zu Standard-1G-Ports. Die tats\u00e4chlichen Geschwindigkeiten k\u00f6nnen aufgrund der Kabelqualit\u00e4t und des Kabeltyps, der Einschr\u00e4nkungen des Kunden und der Umgebungsfaktoren variieren.<\/p>\n<\/div>\n<div class=\"ProductDescription-Paragraph\">\n<h4 class=\"ProductDescription-ParagraphTitle\">Leiser Betrieb mit branchenf\u00fchrendem l\u00fcfterlosem Design<\/h4>\n<p>Das revolution\u00e4re l\u00fcfterlose Design sorgt f\u00fcr einen beispiellosen ger\u00e4uschlosen Betrieb, ideal f\u00fcr jedes Haus oder Gesch\u00e4ft. Das robuste Metallgeh\u00e4use, das Desktop- \/ Wandmontage-Design und das professionelle W\u00e4rmeableitungsdesign eignen sich gut f\u00fcr verschiedene Umgebungen.<\/p>\n<\/div>\n<div class=\"ProductDescription-Paragraph\">\n<h4 class=\"ProductDescription-ParagraphTitle\">Einfach Plug and Play f\u00fcr den Internetzugang<\/h4>\n<p>Ein Plug-and-Play-Design erm\u00f6glicht eine einfache Bereitstellung, ohne dass ein Techniker erforderlich ist. Auto MDI \/ MDIX macht Crossover-Kabel \u00fcberfl\u00fcssig: 1.An Strom anschliessen, 2.Schliessen Sie die Ger\u00e4te an, 3.Viel Spass.<\/p>\n<\/div>\n","protected":false},"excerpt":{"rendered":"<ul class=\"cds-List cds-List--Bulleted\">\n<li>Anschl\u00fcsse: 5x RJ45, 0x SFP, 0x SFP+, 0x QSFP+, 0x SFP28, 0x QSFP28<\/li>\n<li>Anzahl PoE Ports: 0, PoE Standard: Kein PoE, PoE Budget: 0 W<\/li>\n<li>Montage: Desktop; Wand<\/li>\n<li>F\u00fcnf 2.5-Gbps-Ports: 5 \u00d7 2.5-Gigabit-Ports bieten die h\u00f6chste Leistung Ihrer Multi-Gig-Bandbreite und -Ger\u00e4te und bieten eine Switching-Kapazit\u00e4t von bis zu 25 Gbps<\/li>\n<li>Leiser Betrieb: Das branchenf\u00fchrende l\u00fcfterlose Design sorgt f\u00fcr einen ger\u00e4uscharmen Betrieb, ideal f\u00fcr jedes Haus oder Gesch\u00e4ft<\/li>\n<li>Metallgeh\u00e4use: Das robuste Metallgeh\u00e4use und das Desktop-\/ Wandmontage-Design eignen sich gut f\u00fcr verschiedene Umgebungen<\/li>\n<\/ul>\n","protected":false},"featured_media":10167,"comment_status":"open","ping_status":"closed","template":"","meta":[],"product_brand":[213],"product_cat":[21,168],"product_tag":[],"class_list":{"0":"post-10166","1":"product","2":"type-product","3":"status-publish","4":"has-post-thumbnail","6":"product_brand-tp-link","7":"product_cat-it-produkte","8":"product_cat-switch","10":"first","11":"onbackorder","12":"taxable","13":"shipping-taxable","14":"purchasable","15":"product-type-simple"},"_links":{"self":[{"href":"https:\/\/spuehler-tv.ch\/onlineshop\/wp-json\/wp\/v2\/product\/10166","targetHints":{"allow":["GET"]}}],"collection":[{"href":"https:\/\/spuehler-tv.ch\/onlineshop\/wp-json\/wp\/v2\/product"}],"about":[{"href":"https:\/\/spuehler-tv.ch\/onlineshop\/wp-json\/wp\/v2\/types\/product"}],"replies":[{"embeddable":true,"href":"https:\/\/spuehler-tv.ch\/onlineshop\/wp-json\/wp\/v2\/comments?post=10166"}],"wp:featuredmedia":[{"embeddable":true,"href":"https:\/\/spuehler-tv.ch\/onlineshop\/wp-json\/wp\/v2\/media\/10167"}],"wp:attachment":[{"href":"https:\/\/spuehler-tv.ch\/onlineshop\/wp-json\/wp\/v2\/media?parent=10166"}],"wp:term":[{"taxonomy":"product_brand","embeddable":true,"href":"https:\/\/spuehler-tv.ch\/onlineshop\/wp-json\/wp\/v2\/product_brand?post=10166"},{"taxonomy":"product_cat","embeddable":true,"href":"https:\/\/spuehler-tv.ch\/onlineshop\/wp-json\/wp\/v2\/product_cat?post=10166"},{"taxonomy":"product_tag","embeddable":true,"href":"https:\/\/spuehler-tv.ch\/onlineshop\/wp-json\/wp\/v2\/product_tag?post=10166"}],"curies":[{"name":"wp","href":"https:\/\/api.w.org\/{rel}","templated":true}]}}