{"id":10146,"date":"2024-05-31T07:21:23","date_gmt":"2024-05-31T06:21:23","guid":{"rendered":"https:\/\/spuehler-tv.ch\/onlineshop\/?post_type=product&#038;p=10146"},"modified":"2026-01-06T15:18:23","modified_gmt":"2026-01-06T14:18:23","slug":"roam-2-sonos-multiroom-bluetooth-lautsprecher","status":"publish","type":"product","link":"https:\/\/spuehler-tv.ch\/onlineshop\/produkt\/roam-2-sonos-multiroom-bluetooth-lautsprecher\/","title":{"rendered":"Roam 2 (Sonos) &#8211; Multiroom \/ Bluetooth Lautsprecher"},"content":{"rendered":"<div class=\"mb-15\">Erlebe mit dem Sonos Roam, dem mobilen Smart Speaker f\u00fcr all deine Abenteuer, \u00fcberall eindrucksvollen Sound. Erlebe zuhause Musik, Sprachsteuerung und Multiroom Sound \u00fcber WLAN und streame unterwegs via Bluetooth. Dank ganzt\u00e4giger Akkulaufzeit und dem robusten, wasserdichten Geh\u00e4use eignet sich der Speaker perfekt f\u00fcr Outdoor Aktivit\u00e4ten.<\/div>\n<p class=\"h4\">PRODUKT-HIGHLIGHTS<\/p>\n<div class=\"marketing-texts-tab mb-15\">\n<ul>\n<li>Streame Musik und mehr \u00fcber WLAN und steuere den Speaker ganz einfach mit der Sonos App, Apple AirPlay 2, Amazon Alexa und Google Assistant.<\/li>\n<li>Genie\u00dfe bis zu 10 Stunden lang perfekten Sound und lade den Speaker mit dem mitgelieferten USB-C-Kabel oder kabellos mit jedem Qi-zertifizierten Ladeger\u00e4t.<\/li>\n<li>Nutze den wasserdichten, leichten und robusten Speaker mit Bluetooth, wenn du unterwegs bist.<\/li>\n<li>Der Roam liefert dank automatischem Trueplay\u2122 Tuning eindrucksvollen Sound an jedem Ort.<\/li>\n<li>Steuere deinen Sprachassistenten zuhause mit deiner Stimme.,<\/li>\n<li>Verbinde zwei Speaker f\u00fcr noch besseren Stereo Sound oder erstelle mit mehreren Sonos Speakern dein perfektes Home Sound System.<\/li>\n<\/ul>\n<\/div>\n<div class=\"mb-15 desc\"><strong>Immer und \u00fcberall dabei<br \/>\n<\/strong>Der mobile Smart Speaker f\u00fcr all deine Abenteuer.Unglaublicher Sound \u00fcberall: Mit dem Roam erlebst du Musik, Sprachsteuerung und Multiroom Sound \u00fcber WLAN und streamst unterwegs Musik via Bluetooth. Dank ganzt\u00e4giger Akkulaufzeit und dem robusten, wasserdichten Geh\u00e4use ist der Speaker perfekt f\u00fcr unterwegs.<\/p>\n<p><strong>Eine nahtlose Sound Experience<br \/>\n<\/strong>Erlebe einzigartigen Sonos Sound \u00fcber WLAN und streame Musik direkt von deinem Smartphone, Tablet oder Computer via Bluetooth.<br \/>\nDer Roam verbindet sich automatisch mit deinem WLAN zuhause und unterwegs mit deinem Smartphone. So musst du nur noch entscheiden, was du abspielen willst.<\/p>\n<p><strong>10 Stunden Akkulaufzeit<br \/>\n<\/strong>Der Roam wird durch einen integrierten Akku betrieben und liefert den ganzen Tag lang Musik. Egal, ob du im Garten entspannst oder einen Ausflug ins Gr\u00fcne machst.<\/p>\n<p><strong>Sound, der alle Erwartungen \u00fcbertrifft<br \/>\n<\/strong>Die pr\u00e4zise entwickelte Akustik sorgt f\u00fcr klaren und detailreichen Sound trotz kompakter Gr\u00f6sse.<\/p>\n<p><strong>Perfekter Sound \u00fcberall<br \/>\n<\/strong>Dank Trueplay\u2122 Tuning passt sich der Roam automatisch an deine Umgebung und die wiedergegebenen Inhalte an und liefert erstaunlich klaren, perfekt ausbalancierten Sound.<\/p>\n<p><strong>Intelligentes Design<br \/>\n<\/strong>Dank seiner dezenten, schmalen Form integriert sich Roam perfekt in dein Zuhause, w\u00e4hrend das leichte, ergonomische Design eine einfache Handhabung erm\u00f6glicht.<\/p>\n<p><strong>Robust und langlebig<br \/>\n<\/strong>Dank solidem Design und Schutzart IP67 ist der Roam sturzsicher, 30 Minuten lang bis zu einem Meter Tiefe wasserdicht, unempfindlich gegen\u00fcber Staub und bereit f\u00fcr jedes Abenteuer.<\/p>\n<p><strong>Beeindruckend in jeder Position<br \/>\n<\/strong>In vertikaler Position ben\u00f6tigt Roam nur minimale Stellfl\u00e4che und l\u00e4sst sich dank der abgerundeten Dreiecksform auch bei wenig Platz perfekt unterbringen.<br \/>\nPlatziere Roam auf unebenen Fl\u00e4chen f\u00fcr mehr Stabilit\u00e4t horizontal, sodass er den Sound direkt zu dir nach oben lenkt.<\/p>\n<p><strong>Diverse Steuerungsoptionen<br \/>\nSonos App<br \/>\n<\/strong>Nutze die App, um deine Dienste zu durchsuchen, Favoriten zu speichern, Wecker einzustellen und neue Musik auf Sonos Radio zu entdecken.<\/p>\n<p><strong>Sprachsteuerung<br \/>\n<\/strong>Steuere Amazon Alexa oder Google Assistant nur mit deiner Stimme. Spiele per Sprachbefehl Musik ab, checke die Nachrichten, steuere deine Smart Home Devices und mehr.<\/p>\n<p><strong>AirPlay 2<br \/>\n<\/strong>Mit AirPlay 2 streamst du Sound direkt von deinem iPhone, iPad oder Mac an Sonos und kannst \u00fcber Siri die Lautst\u00e4rke anpassen oder einen Song \u00fcberspringen.<\/p>\n<p><strong>Steuerung per Tastendruck<br \/>\n<\/strong>\u00dcber die Tasten am Roam kannst du die Wiedergabe starten, anhalten, die Lautst\u00e4rke anpassen, Titel \u00fcberspringen, erneut abspielen, die Mikrofone ausschalten und manuell auf Bluetooth wechseln.<\/p>\n<p><strong>Einfaches Aufladen<br \/>\n<\/strong>Lade Roam kabellos mit jedem Qi-zertifizierten Ladeger\u00e4t. Mach das Aufladen zum Kinderspiel mit unserer speziell entwickelten magnetischen Ladestation. Verbindet sich magnetisch mit dem separat erh\u00e4ltlichen, kabellosen Ladeger\u00e4t von Sonos.<\/p>\n<p><strong>Flexible Erweiterung deines Systems<br \/>\n<\/strong>Alle Sonos Speaker verbinden sich per WLAN miteinander, sodass du dein perfektes Sound System erstellen kannst. H\u00f6re \u00fcberall in deinem Zuhause Musik, indem du Speaker f\u00fcr eine synchrone Wiedergabe gruppierst, oder verbinde zwei passende Speaker in einem Raum f\u00fcr noch klareren Stereo Sound.<\/p>\n<\/div>\n","protected":false},"excerpt":{"rendered":"<p><strong>\u00dcberblick<br \/>\n<\/strong><\/p>\n<p>&nbsp;<\/p>\n<ul>\n<li>WLAN<\/li>\n<li>Kompakte Gr\u00f6sse, hochwertiger Sound<\/li>\n<li>Bluetooth<\/li>\n<li>10 Stunden Akkulaufzeit<\/li>\n<li>Apple AirPlay 2<\/li>\n<li>Wasserdicht nach Schutzart IP-67<\/li>\n<li>Sprachsteuerung<\/li>\n<li>Sturzfest<\/li>\n<\/ul>\n","protected":false},"featured_media":10149,"comment_status":"closed","ping_status":"closed","template":"","meta":[],"product_brand":[218],"product_cat":[54],"product_tag":[],"class_list":{"0":"post-10146","1":"product","2":"type-product","3":"status-publish","4":"has-post-thumbnail","6":"product_brand-sonos","7":"product_cat-multiroom","8":"product_shipping_class-lieferung-basic-audio","10":"first","11":"instock","12":"taxable","13":"shipping-taxable","14":"purchasable","15":"product-type-variable","16":"has-default-attributes","17":"rtwpvg-product"},"_links":{"self":[{"href":"https:\/\/spuehler-tv.ch\/onlineshop\/wp-json\/wp\/v2\/product\/10146","targetHints":{"allow":["GET"]}}],"collection":[{"href":"https:\/\/spuehler-tv.ch\/onlineshop\/wp-json\/wp\/v2\/product"}],"about":[{"href":"https:\/\/spuehler-tv.ch\/onlineshop\/wp-json\/wp\/v2\/types\/product"}],"replies":[{"embeddable":true,"href":"https:\/\/spuehler-tv.ch\/onlineshop\/wp-json\/wp\/v2\/comments?post=10146"}],"wp:featuredmedia":[{"embeddable":true,"href":"https:\/\/spuehler-tv.ch\/onlineshop\/wp-json\/wp\/v2\/media\/10149"}],"wp:attachment":[{"href":"https:\/\/spuehler-tv.ch\/onlineshop\/wp-json\/wp\/v2\/media?parent=10146"}],"wp:term":[{"taxonomy":"product_brand","embeddable":true,"href":"https:\/\/spuehler-tv.ch\/onlineshop\/wp-json\/wp\/v2\/product_brand?post=10146"},{"taxonomy":"product_cat","embeddable":true,"href":"https:\/\/spuehler-tv.ch\/onlineshop\/wp-json\/wp\/v2\/product_cat?post=10146"},{"taxonomy":"product_tag","embeddable":true,"href":"https:\/\/spuehler-tv.ch\/onlineshop\/wp-json\/wp\/v2\/product_tag?post=10146"}],"curies":[{"name":"wp","href":"https:\/\/api.w.org\/{rel}","templated":true}]}}