{"id":95,"date":"2019-11-01T12:38:00","date_gmt":"2019-11-01T12:38:00","guid":{"rendered":"https:\/\/spuehler-tv.ch\/onlineshop\/agb\/"},"modified":"2025-01-20T11:45:24","modified_gmt":"2025-01-20T10:45:24","slug":"agb","status":"publish","type":"page","link":"https:\/\/spuehler-tv.ch\/onlineshop\/agb\/","title":{"rendered":"AGB"},"content":{"rendered":"\n<p><strong>ALLGEMEINE GESCH\u00c4FTSBEDINGUNGEN F\u00dcR DEN ONLINEHANDEL &#8211; f\u00fcr die Schweiz<\/strong><\/p>\n\n\n\n<p><strong>Sp\u00fchler Multimedia + IT Service GmbH<\/strong><\/p>\n\n\n\n<p><strong>1. Geltungsbereich<\/strong><br><br>Diese Allgemeinen Gesch\u00e4ftsbedingungen (nachfolgend &#8216;AGB&#8217;) gelten f\u00fcr alle Vertr\u00e4ge, die Sp\u00fchler +Co. Radio TV Kabelkommunikation , CHE-106.936.834, (nachfolgend &#8216;Sp\u00fchler Multimedia + IT Service GmbH&#8217;) mit Personen oder Unternehmen mit Wohnsitz bzw. Sitz in der Schweiz (nachfolgend &#8216;Kunde&#8217;) \u00fcber im Webshop von Sp\u00fchler Multimedia + IT Service GmbH (nachfolgend &#8216;Webshop&#8217;) angebotene Produkte (nachfolgend &#8216;Produkte&#8217;) abschliesst. Mit der Aufgabe einer Bestellung im Webshop von Sp\u00fchler Multimedia + IT Service GmbH akzeptiert der Kunde diese AGB.<br>Lieferungen, Leistungen, Angebote etc. von Sp\u00fchler Multimedia + IT Service GmbH \u00fcber den Webshop erfolgen ausschliesslich nach Massgabe dieser AGB. Die AGB gelten in der jeweiligen, zum Zeitpunkt des Vertragsabschlusses aktuellen Fassung. Sp\u00fchler Multimedia + IT Service GmbH beh\u00e4lt sich das Recht vor, diese AGB jederzeit zu \u00e4ndern.<\/p>\n\n\n\n<p><strong>2. Benutzerkonto \/ Angaben des Kunden<\/strong><br><br>Der Kunde gibt Bestellungen \u00fcber ein Benutzerkonto oder als Gast im Webshop von Sp\u00fchler Multimedia + IT Service GmbH auf. Alle Angaben des Kunden im Benutzerkonto und alle Angaben als Gast m\u00fcssen vollst\u00e4ndig und wahr sein. Jeder Kunde darf nur ein Benutzerkonto er\u00f6ffnen.<\/p>\n\n\n\n<p><strong>3. Vertragsschluss und Lieferung<\/strong><br><br>Der Vertrag zwischen Sp\u00fchler Multimedia + IT Service GmbH und dem Kunden kommt erst durch eine ausdr\u00fcckliche Auftragsbest\u00e4tigung (nicht durch die automatisierte, per Email versandte Zusammenfassung der Bestellung) oder durch die Versandbest\u00e4tigung zustande und ist durch die Verf\u00fcgbarkeit der bestellten Produkte bedingt. Bis zum Zeitpunkt der ausdr\u00fccklichen Auftragsbest\u00e4tigung bzw. der Versandbest\u00e4tigung durch Sp\u00fchler Multimedia + IT Service GmbH bleibt der K\u00e4ufer an die Bestellung gebunden.<br>Das Angebot von Sp\u00fchler Multimedia + IT Service GmbH richtet sich prim\u00e4r an Endverbraucher, weshalb sich Sp\u00fchler Multimedia + IT Service GmbH vorbeh\u00e4lt, Bestellungen insbesondere dann nicht zu erf\u00fcllen bzw. abzulehnen, wenn aus Sicht von Sp\u00fchler Multimedia + IT Service GmbH nicht endverbraucher\u00fcbliche Mengen von Produkten bestellt werden.<br>F\u00fcr die vom K\u00e4ufer bestellten Produkte gelten jeweils die zum Bestelldatum g\u00fcltigen, im Webshop angegebenen Preise in Schweizer Franken, inklusive Mehrwertsteuer. Die Versandkosten werden w\u00e4hrend des Bestellvorgangs und in der Bestellbest\u00e4tigung gesondert ausgewiesen.<br>Sp\u00fchler Multimedia + IT Service GmbH liefert ausschliesslich an Lieferadressen innerhalb der Schweiz. Versandweg und Verpackungsart werden von Sp\u00fchler Multimedia + IT Service GmbH bestimmt. Teillieferungen sind zul\u00e4ssig, dadurch entstehende zus\u00e4tzliche Versandkosten tr\u00e4gt Sp\u00fchler Multimedia + IT Service GmbH. Von Sp\u00fchler Multimedia + IT Service GmbH angegebene oder mitgeteilte Liefertermine- und\/oder Fristen sind unverbindlich. Ein R\u00fccktritt ist auch bei Lieferverz\u00f6gerung Unbekannter Zeit nicht zul\u00e4ssig. Die Firma Sp\u00fchler Multimedia + IT Service GmbH ist jedoch bestrebt in solchen Situationen ein angemessene L\u00f6sung zu finden.<\/p>\n\n\n\n<p><strong>4. Zahlungsbedingungen<\/strong><br><br>Die Bezahlung s\u00e4mtlicher Bestellungen hat in Schweizer Franken zu erfolgen, wahlweise gegen Rechnung oder durch Paypal \/ Kreditkarte.<br>Rechnungen von Sp\u00fchler Multimedia + IT Service GmbH sind innert 30 Tagen (ohne Abzug) zu bezahlen.<br>Bei Bestellungen gegen Rechnung ist Sp\u00fchler Multimedia + IT Service GmbH berechtigt, ohne Angabe von Gr\u00fcnden (bspw. wegen ungen\u00fcgender Bonit\u00e4t) Vorauszahlung zu verlangen.<br>Bei Bezahlung gegen Rechnung geht das Eigentum an der gelieferten Ware erst nach vollst\u00e4ndiger Bezahlung des Kaufpreises an den Kunden \u00fcber.<\/p>\n\n\n\n<p><strong>5. Pr\u00fcfung, Gew\u00e4hrleistung und Haftung<\/strong><br><br>Der Kunde hat die empfangenen Sendungen bzw. Produkte umgehend auf Richtigkeit, Vollst\u00e4ndigkeit und M\u00e4ngelfreiheit zu pr\u00fcfen. Allf\u00e4llige Abweichungen zur Bestellung und allf\u00e4llige M\u00e4ngel sind innerhalb von 5 Kalendertagen seit Zustellung der Lieferung Sp\u00fchler Multimedia + IT Service GmbH schriftlich mitzuteilen.<br>Sp\u00fchler Multimedia + IT Service GmbH leistet ausschliesslich Gew\u00e4hr daf\u00fcr, dass die bestellten Produkte zum Zeitpunkt der Auslieferung an den Kunden keine M\u00e4ngel in Bezug auf Materialien und\/oder Verarbeitung aufweisen. <\/p>\n\n\n\n<p>Sp\u00fchler Multimedia + IT Service GmbH \u00fcberpr\u00fcft f\u00fcr Sie als Kunde Ger\u00e4te beim Wareneingang, aus diesem Grund k\u00f6nnen Original-Siegel und oder Verpackungen ge\u00f6ffnet worden sein. Diese erhalten ein Sp\u00fchler-Multimedia QC Label und weisen auf die Pr\u00fcfung hin. Auf ausdr\u00fccklichen Wunsch sind auch Originalverpackte Ger\u00e4te lieferbar. (Bitte kontaktieren Sie uns).<\/p>\n\n\n\n<p>Allf\u00e4llige M\u00e4ngel m\u00fcssen Sp\u00fchler Multimedia + IT Service GmbH schriftlich unter detaillierter Beschreibung der M\u00e4ngel und unter Mitsendung des vollst\u00e4ndigen, mangelhaften Produkts und des datierten Kaufbelegs bei privatem Gebrauch des Produkts innert 2 Jahren ab Kaufdatum (im Webshop) mitgeteilt werden. Bei gewerblichem Gebrauch muss ein Mangel innerhalb von 1 Jahr ab Kaufdatum (im Webshop) ger\u00fcgt werden, ansonsten keinerlei Gew\u00e4hrleistungspflicht von Sp\u00fchler Multimedia + IT Service GmbH besteht. Die Sendung ist an folgende Adresse zu richten: Sp\u00fchler Multimedia + IT Service GmbH, M\u00e4rktgass 9, 8197 Rafz, Schweiz. Kosten von Verpackung und Versand gehen zu Lasten des Kunden.<br>Abn\u00fctzung sowie Folgen von unsachgem\u00e4sser oder unsorgf\u00e4ltiger Verwendung, unterlassener Pflege und von Reparaturversuchen des Kunden oder Dritten stellen keine M\u00e4ngel dar.<br>Die Gew\u00e4hrleistungspflicht kann von Sp\u00fchler Multimedia + IT Service GmbH nach eigenem Ermessen durch Reparatur, Ersatz (durch ein identisches oder \u00e4hnliches Ger\u00e4t), Kaufpreisminderung oder durch R\u00fcckerstattung des Kaufpreises erf\u00fcllt werden. Andere Leistungen, insbesondere Schadenersatz, sind bei Vorliegen eines Mangels ausgeschlossen.<br>Der Kunde verpflichtet sich mit dem Kauf, die Produkte einzig dem Verwendungszweck entsprechend zu verwenden.<\/p>\n\n\n\n<p>Jegliche weitere Haftung von Sp\u00fchler Multimedia + IT Service GmbH im Zusammenhang mit Produkten oder Leistungen von Sp\u00fchler Multimedia + IT Service GmbH und deren Hilfspersonen ist, soweit gesetzlich zul\u00e4ssig, ausgeschlossen.<\/p>\n\n\n\n<p><strong>6. Datensicherheit und Datenschutz<\/strong><br><br>Die Daten\u00fcbertragung erfolgt via Internet. Das Internet ist ein offenes, f\u00fcr jedermann zug\u00e4ngliches Netz und gilt somit grunds\u00e4tzlich nicht als sichere Umgebung. S\u00e4mtliche Zahlungstransaktionen werden nach dem im Zeitpunkt der Transaktion \u00fcblichen Sicherheitsstandard (\u201ehttps:\/\/\u201c) abgewickelt. F\u00fcr die Sicherheit von Daten w\u00e4hrend deren \u00dcbermittlung via Internet lehnt Sp\u00fchler Multimedia + IT Service GmbH jede Haftung ab.<br>Die Bearbeitung personenbezogener Daten erfolgt in \u00dcbereinstimmung und unter Einhaltung der geltenden Datenschutzbestimmungen zum Zweck der Vertragsabwicklung und der Pflege der Beziehungen zum Kunden (inkl. Marketingmassnahmen).<br>Die Weitergabe personenbezogener Daten des Kunden an Dritte ausserhalb der Firma Sp\u00fchler Multimedia + IT Service GmbH erfolgt ausschliesslich an die im Rahmen der Vertragsabwicklung beteiligten Dienstleistungspartner wie z. B. das mit der Lieferung beauftragte Logistikunternehmen. In solchen F\u00e4llen beschr\u00e4nkt sich der Umfang der \u00fcbermittelten Daten auf das f\u00fcr die Vertragsabwicklung erforderliche Minimum. Eine weitergehende Weitergabe von Kundendaten an Dritte erfolgt nicht. Der Kunde erkl\u00e4rt sich mit der Erhebung, Verarbeitung und Nutzung seiner personenbezogenen Daten entsprechend den vorgenannten Hinweisen einverstanden.<br>Des Weiteren gelten auch f\u00fcr die K\u00e4ufer die unter der Rubrik Datenschutz abrufbaren Bedingungen f\u00fcr die Nutzung der Website des Webshops.<\/p>\n\n\n\n<p><strong>7. Anwendbares Recht und Gerichtsstand<\/strong><br><br>Das Vertragsverh\u00e4ltnis, inkl. dieser AGB, untersteht ausschliesslich dem schweizerischen Recht, unter Ausschluss der kollisionsrechtlichen Bestimmungen des schweizerischen internationalen Privatrechts, insbesondere unter Ausschluss des \u00dcbereinkommens der Vereinten Nationen \u00fcber Vertr\u00e4ge \u00fcber den internationalen Warenverkauf (Wiener Kaufrecht). Gerichtsstand ist B\u00fclach, Kt. Z\u00fcrich, Schweiz, wobei Sp\u00fchler + Co. berechtigt ist, den Kunden auch an dessen allgemeinen Gerichtstand zu belangen.<\/p>\n\n\n\n<p>Januar 2025<br>\u00a9 Sp\u00fchler Multimedia + IT Service GmbH<\/p>\n","protected":false},"excerpt":{"rendered":"<p>ALLGEMEINE GESCH\u00c4FTSBEDINGUNGEN F\u00dcR DEN ONLINEHANDEL &#8211; f\u00fcr die Schweiz Sp\u00fchler Multimedia + IT Service GmbH 1. Geltungsbereich Diese Allgemeinen Gesch\u00e4ftsbedingungen (nachfolgend &#8216;AGB&#8217;) gelten f\u00fcr alle Vertr\u00e4ge, die Sp\u00fchler +Co. Radio TV Kabelkommunikation , CHE-106.936.834, (nachfolgend &#8216;Sp\u00fchler Multimedia + IT Service GmbH&#8217;) mit Personen oder Unternehmen mit Wohnsitz bzw. Sitz in der Schweiz (nachfolgend &#8216;Kunde&#8217;) \u00fcber [&hellip;]<\/p>\n","protected":false},"author":1,"featured_media":0,"parent":0,"menu_order":0,"comment_status":"closed","ping_status":"closed","template":"","meta":{"footnotes":""},"class_list":["post-95","page","type-page","status-publish","hentry"],"_links":{"self":[{"href":"https:\/\/spuehler-tv.ch\/onlineshop\/wp-json\/wp\/v2\/pages\/95","targetHints":{"allow":["GET"]}}],"collection":[{"href":"https:\/\/spuehler-tv.ch\/onlineshop\/wp-json\/wp\/v2\/pages"}],"about":[{"href":"https:\/\/spuehler-tv.ch\/onlineshop\/wp-json\/wp\/v2\/types\/page"}],"author":[{"embeddable":true,"href":"https:\/\/spuehler-tv.ch\/onlineshop\/wp-json\/wp\/v2\/users\/1"}],"replies":[{"embeddable":true,"href":"https:\/\/spuehler-tv.ch\/onlineshop\/wp-json\/wp\/v2\/comments?post=95"}],"version-history":[{"count":0,"href":"https:\/\/spuehler-tv.ch\/onlineshop\/wp-json\/wp\/v2\/pages\/95\/revisions"}],"wp:attachment":[{"href":"https:\/\/spuehler-tv.ch\/onlineshop\/wp-json\/wp\/v2\/media?parent=95"}],"curies":[{"name":"wp","href":"https:\/\/api.w.org\/{rel}","templated":true}]}}